{"id":903,"date":"2016-03-10T18:36:55","date_gmt":"2016-03-10T18:36:55","guid":{"rendered":"https:\/\/www.claudiakemfert.de\/en\/?page_id=903"},"modified":"2025-10-15T08:32:01","modified_gmt":"2025-10-15T08:32:01","slug":"politics","status":"publish","type":"page","link":"https:\/\/www.claudiakemfert.de\/en\/politics\/","title":{"rendered":"Politics"},"content":{"rendered":"<div class=\"fusion-fullwidth fullwidth-box fusion-builder-row-1 fusion-flex-container nonhundred-percent-fullwidth non-hundred-percent-height-scrolling\" style=\"background-color: rgba(255,255,255,0);background-position: center center;background-repeat: no-repeat;border-width: 0px 0px 0px 0px;border-color:#e2e2e2;border-style:solid;\" ><div class=\"fusion-builder-row fusion-row fusion-flex-align-items-flex-start\" style=\"max-width:1216.8px;margin-left: calc(-4% \/ 2 );margin-right: calc(-4% \/ 2 );\"><div class=\"fusion-layout-column fusion_builder_column fusion-builder-column-0 fusion_builder_column_1_1 1_1 fusion-flex-column\"><div class=\"fusion-column-wrapper fusion-flex-justify-content-flex-start fusion-content-layout-column\" style=\"background-position:left top;background-repeat:no-repeat;-webkit-background-size:cover;-moz-background-size:cover;-o-background-size:cover;background-size:cover;padding: 0px 0px 0px 0px;\"><div class=\"fusion-text fusion-text-1\"><p><b>The future is renewable<\/b><\/p>\n<p>The energy supply of the future and climate protection are tasks in which politics can set a decisive course. There are plenty of interesting ideas: promoting renewable energies or financial support for energy-efficient renovations, a \u20ac9 Germany-wide train ticket, or a rising CO2 price combined with the introduction of a socially graded climate allowance.<\/p>\n<p><b>New energies \u2013 for Germany and the world<\/b><\/p>\n<p>At the interface between science and politics, I am involved in various sustainability advisory boards and commissions at both the international and national levels. I work as a consultant and expert, developing practical approaches to climate protection and sustainable energy supply.<\/p>\n<p>I regularly advise various ministers, ministries, and parties at the federal and state levels. At the international level, for example, EU Commission President Jos\u00e9 Manuel Barroso called on me and other leading researchers in 2006 to develop strategies for a unified energy and climate protection policy for the EU within the framework of the High Level Group on Energy. In 2016, I was appointed to the <a href=\"https:\/\/www.umweltrat.de\/DE\/Home\/home_node.html\">German Advisory Council on the Environment<\/a>, and in 2021 to the Hamburg <a href=\"https:\/\/www.klimabeirat.hamburg\/\">Climate Advisory Council<\/a>. In 2012, Norbert R\u00f6ttgen (CDU) appointed me to his shadow cabinet as Minister of Energy in North Rhine-Westphalia, and in 2013 Thorsten Sch\u00e4fer-G\u00fcmbel (SPD) appointed me as Energy Commissioner in Hesse. Previously, I was a member of the Scientific Advisory Board of the EU Environment Commissioner and of the state governments of Lower Saxony and Hesse for the development of energy strategies.<\/p>\n<\/div><\/div><style type=\"text\/css\">.fusion-body .fusion-builder-column-0{width:100% !important;margin-top : 0px;margin-bottom : 0px;}.fusion-builder-column-0 > .fusion-column-wrapper {padding-top : 0px !important;padding-right : 0px !important;margin-right : 1.92%;padding-bottom : 0px !important;padding-left : 0px !important;margin-left : 1.92%;}@media only screen and (max-width:1024px) {.fusion-body .fusion-builder-column-0{width:100% !important;}.fusion-builder-column-0 > .fusion-column-wrapper {margin-right : 1.92%;margin-left : 1.92%;}}@media only screen and (max-width:640px) {.fusion-body .fusion-builder-column-0{width:100% !important;}.fusion-builder-column-0 > .fusion-column-wrapper {margin-right : 1.92%;margin-left : 1.92%;}}<\/style><\/div><\/div><style type=\"text\/css\">.fusion-body .fusion-flex-container.fusion-builder-row-1{ padding-top : 0px;margin-top : 0px;padding-right : 0px;padding-bottom : 0px;margin-bottom : 0px;padding-left : 0px;}<\/style><\/div>\n","protected":false},"excerpt":{"rendered":"","protected":false},"author":4,"featured_media":0,"parent":0,"menu_order":0,"comment_status":"closed","ping_status":"closed","template":"","meta":{"footnotes":""},"class_list":["post-903","page","type-page","status-publish","hentry"],"_links":{"self":[{"href":"https:\/\/www.claudiakemfert.de\/en\/wp-json\/wp\/v2\/pages\/903","targetHints":{"allow":["GET"]}}],"collection":[{"href":"https:\/\/www.claudiakemfert.de\/en\/wp-json\/wp\/v2\/pages"}],"about":[{"href":"https:\/\/www.claudiakemfert.de\/en\/wp-json\/wp\/v2\/types\/page"}],"author":[{"embeddable":true,"href":"https:\/\/www.claudiakemfert.de\/en\/wp-json\/wp\/v2\/users\/4"}],"replies":[{"embeddable":true,"href":"https:\/\/www.claudiakemfert.de\/en\/wp-json\/wp\/v2\/comments?post=903"}],"version-history":[{"count":0,"href":"https:\/\/www.claudiakemfert.de\/en\/wp-json\/wp\/v2\/pages\/903\/revisions"}],"wp:attachment":[{"href":"https:\/\/www.claudiakemfert.de\/en\/wp-json\/wp\/v2\/media?parent=903"}],"curies":[{"name":"wp","href":"https:\/\/api.w.org\/{rel}","templated":true}]}}